{"id":978,"date":"2019-02-15T16:31:26","date_gmt":"2019-02-15T14:31:26","guid":{"rendered":"https:\/\/eccere.frans.fi\/?page_id=978"},"modified":"2019-02-18T09:37:06","modified_gmt":"2019-02-18T07:37:06","slug":"tietosuojaseloste","status":"publish","type":"page","link":"https:\/\/eccere.frans.fi\/fi\/tietosuojaseloste\/","title":{"rendered":"Tietosuojaseloste"},"content":{"rendered":"\n<style type=\"text\/css\" data-created_by=\"avia_inline_auto\" id=\"style-css-av-xzqy-5acd8a0aa24d2df2dc95a8cf85517d8c\">\n.flex_column.av-xzqy-5acd8a0aa24d2df2dc95a8cf85517d8c{\n-webkit-border-radius:0px 0px 0px 0px;\n-moz-border-radius:0px 0px 0px 0px;\nborder-radius:0px 0px 0px 0px;\npadding:0px 0px 0px 0px;\n}\n<\/style>\n<div class='flex_column av-xzqy-5acd8a0aa24d2df2dc95a8cf85517d8c av_one_full  avia-builder-el-0  avia-builder-el-no-sibling  first flex_column_div av-zero-column-padding '     ><section  class='av_textblock_section av-js66ctaq-0406aaea3ff96f76f9041798295124a7'  itemscope=\"itemscope\" itemtype=\"https:\/\/schema.org\/CreativeWork\" ><div class='avia_textblock'  itemprop=\"text\" ><h2>REKISTERISELOSTE<\/h2>\n<p><strong>1. Rekisterivastaava Oy Ecce-Re Ab<\/strong><br \/>\nY-tunnus: 0184411-7<br \/>\nRekipellontie 5<br \/>\n66600 V\u00f6yri<\/p>\n<p><strong><br \/>\n2. Rekisterin yhteyshenkil\u00f6<\/strong><\/p>\n<p>Rekisterivastaava Anders Bond\u00e9n<br \/>\nPuh: 06-384 3300<br \/>\nS\u00e4hk\u00f6posti: info@eccere.frans.fi<\/p>\n<p><strong><br \/>\n3. Rekisterin nimi<\/strong><br \/>\nOy Ecce-Re Ab:n asiakasrekisteri<\/p>\n<p><strong><br \/>\n4. Henkil\u00f6tietojen k\u00e4sittelyn tarkoitus (rekisterin k\u00e4ytt\u00f6tarkoitus)<br \/>\n<\/strong>Oy Ecce-Re AB:n toiminnanohjausj\u00e4rjestelm\u00e4n kontaktirekisteriin tallennettuja henkil\u00f6tietoja k\u00e4ytet\u00e4\u00e4n asiakassuhteiden ja yhteydenottojen hoitamiseen, markkinointitarkoituksiin sek\u00e4 muihin verkkopalveluihin liittyviin tarkoituksiin.<\/p>\n<p><strong><br \/>\n5. Rekisterin tietosis\u00e4lt\u00f6<br \/>\n<\/strong>Rekisteriin ker\u00e4t\u00e4\u00e4n seuraavat tiedot:<br \/>\n&#8211; Etu- ja sukunimi<br \/>\n&#8211; Laskutusasiakkaiden nimet ja laskutusosoite<br \/>\n&#8211; Puhelinnumero<br \/>\n&#8211; S\u00e4hk\u00f6postiosoite<\/p>\n<p><strong><br \/>\n6. S\u00e4\u00e4nn\u00f6nmukaiset tietol\u00e4hteet<br \/>\n<\/strong>Rekisterinpit\u00e4j\u00e4 rekister\u00f6i Oy Ecce-Re Ab:n verkkosivuilla lomakkeita t\u00e4ytt\u00e4neist\u00e4 henkil\u00f6ist\u00e4 ne tiedot, jotka k\u00e4ytt\u00e4j\u00e4 itse ilmoittaa verkkosivuston lomaketta t\u00e4ytt\u00e4ess\u00e4\u00e4n. Rekister\u00f6imme my\u00f6s tietokantaamme tavarantoimituksien osoitteet sek\u00e4 laskutustiedot.<br \/>\nTallennamme my\u00f6s henkil\u00f6kunna tiedot joiden avulla voimme yll\u00e4pit\u00e4\u00e4 ty\u00f6suhdetta. Voimme my\u00f6s pyyt\u00e4\u00e4 Suomen Asiakastieto Oy:lt\u00e4 tietoja asiakkaiden maksukyvyn varmistamiseksi osamaksu- sek\u00e4 laskutustapauksissa.<\/p>\n<p><strong><br \/>\n7. S\u00e4\u00e4nn\u00f6nmukaiset tietojen luovutukset ja tietojen siirto EU:n tai Euroopan talousalueen ulkopuolelle<br \/>\n<\/strong>Ei s\u00e4\u00e4nn\u00f6nmukaisia tietojen luovutuksia kolmansille osapuolille. Ei tietojen luovutuksia EU:n tai ETA:n ulkopuolelle.<\/p>\n<p><strong><br \/>\n8. Kielto-oikeus<br \/>\n<\/strong>Kaikki henkil\u00f6n rekister\u00f6idyt tiedot h\u00e4vitet\u00e4\u00e4n asiakkaan pyynn\u00f6st\u00e4, tai jos asiakassuhde loppuu. Asiakkaalla on oikeus kielt\u00e4\u00e4 suoramarkkinointi vaikka siihen olisi joskus lupa annettu.<\/p>\n<p><strong>9. Rekisterin suojauksen periaatteet<br \/>\n<\/strong>Oy Ecce_re Ab:n toiminnanohjausj\u00e4rjestelm\u00e4n yhteystietorekisterin tiedot on tallennettu rekisterinpit\u00e4j\u00e4n j\u00e4rjestelm\u00e4\u00e4n, joka on suojattu k\u00e4ytt\u00f6j\u00e4rjestelm\u00e4n suojausohjelmiston avulla. J\u00e4rjestelm\u00e4n sis\u00e4\u00e4np\u00e4\u00e4sy edellytt\u00e4\u00e4 k\u00e4ytt\u00e4j\u00e4tunnuksen ja salasanan sy\u00f6tt\u00e4mist\u00e4. J\u00e4rjestelm\u00e4\u00e4n tallennettuihin rekisterin sis\u00e4lt\u00e4miin tietoihin p\u00e4\u00e4sev\u00e4t ja niit\u00e4 ovat oikeutettuja k\u00e4ytt\u00e4m\u00e4\u00e4n vain tietyt, ennalta m\u00e4\u00e4ritellyt rekisterinpit\u00e4j\u00e4n ty\u00f6ntekij\u00e4t. Rekisterin sis\u00e4lt\u00e4m\u00e4t tiedot sijaitsevat lukituissa ja vartioiduissa tiloissa.<\/p>\n<p>K\u00e4ytt\u00e4m\u00e4ll\u00e4 t\u00e4m\u00e4n sivun palveluja katsomme ett\u00e4 k\u00e4ytt\u00e4j\u00e4 on hyv\u00e4ksynyt k\u00e4ytt\u00f6ehtomme.<\/p>\n<p><strong><br \/>\nEv\u00e4steet<\/strong><br \/>\nK\u00e4yt\u00e4mme sivuillamme ev\u00e4steit\u00e4 ymm\u00e4rt\u00e4\u00e4ksemme kuinka asiakkaat k\u00e4ytt\u00e4v\u00e4t sivujamme ja voidaksemme parantaa palvelujamme.<\/p>\n<\/div><\/section><\/div>\n","protected":false},"excerpt":{"rendered":"","protected":false},"author":2,"featured_media":0,"parent":0,"menu_order":0,"comment_status":"closed","ping_status":"open","template":"","meta":[],"_links":{"self":[{"href":"https:\/\/eccere.frans.fi\/fi\/wp-json\/wp\/v2\/pages\/978"}],"collection":[{"href":"https:\/\/eccere.frans.fi\/fi\/wp-json\/wp\/v2\/pages"}],"about":[{"href":"https:\/\/eccere.frans.fi\/fi\/wp-json\/wp\/v2\/types\/page"}],"author":[{"embeddable":true,"href":"https:\/\/eccere.frans.fi\/fi\/wp-json\/wp\/v2\/users\/2"}],"replies":[{"embeddable":true,"href":"https:\/\/eccere.frans.fi\/fi\/wp-json\/wp\/v2\/comments?post=978"}],"version-history":[{"count":4,"href":"https:\/\/eccere.frans.fi\/fi\/wp-json\/wp\/v2\/pages\/978\/revisions"}],"predecessor-version":[{"id":986,"href":"https:\/\/eccere.frans.fi\/fi\/wp-json\/wp\/v2\/pages\/978\/revisions\/986"}],"wp:attachment":[{"href":"https:\/\/eccere.frans.fi\/fi\/wp-json\/wp\/v2\/media?parent=978"}],"curies":[{"name":"wp","href":"https:\/\/api.w.org\/{rel}","templated":true}]}}