{"id":227,"date":"2019-01-28T17:02:05","date_gmt":"2019-01-28T15:02:05","guid":{"rendered":"https:\/\/eccere.frans.fi\/?page_id=227"},"modified":"2020-12-01T18:37:00","modified_gmt":"2020-12-01T16:37:00","slug":"info","status":"publish","type":"page","link":"https:\/\/eccere.frans.fi\/fi\/info\/","title":{"rendered":"Info"},"content":{"rendered":"\n\n<style type=\"text\/css\" data-created_by=\"avia_inline_auto\" id=\"style-css-av-jrge0dtq-d093bf70139153f737a683b32cb1ed9b\">\n#top .hr.hr-invisible.av-jrge0dtq-d093bf70139153f737a683b32cb1ed9b{\nheight:30px;\n}\n<\/style>\n<div  class='hr av-jrge0dtq-d093bf70139153f737a683b32cb1ed9b hr-invisible  avia-builder-el-1  el_after_av_codeblock  el_before_av_one_third '><span class='hr-inner '><span class=\"hr-inner-style\"><\/span><\/span><\/div>\n\n<style type=\"text\/css\" data-created_by=\"avia_inline_auto\" id=\"style-css-av-3sgxl-3d62cbc2890c82f8558fbb550a4e90f8\">\n.flex_column.av-3sgxl-3d62cbc2890c82f8558fbb550a4e90f8{\n-webkit-border-radius:0px 0px 0px 0px;\n-moz-border-radius:0px 0px 0px 0px;\nborder-radius:0px 0px 0px 0px;\npadding:0px 0px 0px 0px;\n}\n<\/style>\n<div class='flex_column av-3sgxl-3d62cbc2890c82f8558fbb550a4e90f8 av_one_third  avia-builder-el-2  el_after_av_hr  el_before_av_two_third  first flex_column_div av-zero-column-padding '     ><section  class='av_textblock_section av-jrgdc84n-5485e92084040692e3429256ec891939'  itemscope=\"itemscope\" itemtype=\"https:\/\/schema.org\/CreativeWork\" ><div class='avia_textblock'  itemprop=\"text\" ><h1>OY ECCE-RE AB<\/h1>\n<p><strong>Osoite:<br \/>\n<\/strong>Rekipellontie 5<br \/>\n66600 V\u00f6yri<\/p>\n<p>Y-tunnus 0184411-7<\/p>\n<h2>Yhteys<\/h2>\n<p>Puh. 06-384 3300<br \/>\nS\u00e4hk\u00f6posti: info@eccere.frans.fi<\/p>\n<\/div><\/section><\/div>\n\n<style type=\"text\/css\" data-created_by=\"avia_inline_auto\" id=\"style-css-av-1wzud-d8c5564b4afe805c6db36e8e6e4be803\">\n.flex_column.av-1wzud-d8c5564b4afe805c6db36e8e6e4be803{\n-webkit-border-radius:0px 0px 0px 0px;\n-moz-border-radius:0px 0px 0px 0px;\nborder-radius:0px 0px 0px 0px;\npadding:0px 0px 0px 0px;\n}\n<\/style>\n<div class='flex_column av-1wzud-d8c5564b4afe805c6db36e8e6e4be803 av_two_third  avia-builder-el-4  el_after_av_one_third  avia-builder-el-last  flex_column_div av-zero-column-padding '     ><section  class='av_textblock_section av-jrgdjjv7-8695f537836fa2e101f3e9a7a813bc31'  itemscope=\"itemscope\" itemtype=\"https:\/\/schema.org\/CreativeWork\" ><div class='avia_textblock'  itemprop=\"text\" ><h3>Ota yhteytt\u00e4<\/h3>\n<p>Kysy lis\u00e4\u00e4 palveluistamme t\u00e4ytt\u00e4m\u00e4ll\u00e4 alla oleva lomake.<\/p>\n<\/div><\/section><br \/>\n<form action=\"https:\/\/eccere.frans.fi\/fi\/info\/\" method=\"post\"  class=\"avia_ajax_form av-form-labels-visible   avia-builder-el-6  el_after_av_textblock  avia-builder-el-last   \" data-avia-form-id=\"1\" data-avia-redirect='' ><fieldset><p class='  first_form  form_element form_fullwidth' id='element_avia_1_1'><label for=\"avia_1_1\">Nimi <abbr class=\"required\" title=\"required\">*<\/abbr><\/label> <input name=\"avia_1_1\" class=\"text_input is_empty\" type=\"text\" id=\"avia_1_1\" value=\"\" \/><\/p><p class='  first_form  form_element form_fullwidth' id='element_avia_2_1'><label for=\"avia_2_1\">Puh. <abbr class=\"required\" title=\"required\">*<\/abbr><\/label> <input name=\"avia_2_1\" class=\"text_input is_email\" type=\"text\" id=\"avia_2_1\" value=\"\" \/><\/p><p class='  first_form  form_element form_fullwidth' id='element_avia_3_1'><label for=\"avia_3_1\">Aihe <abbr class=\"required\" title=\"required\">*<\/abbr><\/label> <input name=\"avia_3_1\" class=\"text_input is_empty\" type=\"text\" id=\"avia_3_1\" value=\"\" \/><\/p><p class='  first_form  form_element form_fullwidth av-last-visible-form-element' id='element_avia_4_1'><label for=\"avia_4_1\" class=\"textare_label hidden textare_label_avia_4_1\">Viestisi <abbr class=\"required\" title=\"required\">*<\/abbr><\/label><textarea  name=\"avia_4_1\" class=\"text_area is_empty\" cols=\"40\" rows=\"7\" id=\"avia_4_1\" ><\/textarea><\/p><p class=\"hidden\"><input type=\"text\" name=\"avia_5_1\" class=\"hidden \" id=\"avia_5_1\" value=\"\" \/><\/p><p class=\"form_element \"><input type=\"hidden\" value=\"1\" name=\"avia_generated_form1\" \/><input type=\"submit\" value=\"L\u00e4het\u00e4\" class=\"button\"  data-sending-label=\"Sending\"\/><\/p><\/fieldset><\/form><div id=\"ajaxresponse_1\" class=\"ajaxresponse ajaxresponse_1 hidden\"><\/div><\/p><\/div>\n","protected":false},"excerpt":{"rendered":"","protected":false},"author":2,"featured_media":0,"parent":0,"menu_order":0,"comment_status":"closed","ping_status":"closed","template":"","meta":[],"_links":{"self":[{"href":"https:\/\/eccere.frans.fi\/fi\/wp-json\/wp\/v2\/pages\/227"}],"collection":[{"href":"https:\/\/eccere.frans.fi\/fi\/wp-json\/wp\/v2\/pages"}],"about":[{"href":"https:\/\/eccere.frans.fi\/fi\/wp-json\/wp\/v2\/types\/page"}],"author":[{"embeddable":true,"href":"https:\/\/eccere.frans.fi\/fi\/wp-json\/wp\/v2\/users\/2"}],"replies":[{"embeddable":true,"href":"https:\/\/eccere.frans.fi\/fi\/wp-json\/wp\/v2\/comments?post=227"}],"version-history":[{"count":8,"href":"https:\/\/eccere.frans.fi\/fi\/wp-json\/wp\/v2\/pages\/227\/revisions"}],"predecessor-version":[{"id":1093,"href":"https:\/\/eccere.frans.fi\/fi\/wp-json\/wp\/v2\/pages\/227\/revisions\/1093"}],"wp:attachment":[{"href":"https:\/\/eccere.frans.fi\/fi\/wp-json\/wp\/v2\/media?parent=227"}],"curies":[{"name":"wp","href":"https:\/\/api.w.org\/{rel}","templated":true}]}}