{"id":223,"date":"2019-01-28T17:00:57","date_gmt":"2019-01-28T15:00:57","guid":{"rendered":"https:\/\/eccere.frans.fi\/?page_id=223"},"modified":"2019-03-25T19:57:34","modified_gmt":"2019-03-25T17:57:34","slug":"kahvilat","status":"publish","type":"page","link":"https:\/\/eccere.frans.fi\/fi\/kahvilat\/","title":{"rendered":"V\u00f6yrinpoika Caf\u00e9 Oy"},"content":{"rendered":"<div id='full_slider_1'  class='avia-fullwidth-slider main_color avia-shadow   avia-builder-el-0  el_before_av_section  avia-builder-el-first   container_wrap sidebar_right'  >\n<style type=\"text\/css\" data-created_by=\"avia_inline_auto\" id=\"style-css-av-jrg3gmu2-68ff88023be58d3a40e305fff080518b\">\n#top #wrap_all .avia-slideshow .av-slideshow-caption.av-jrg3gmu2-68ff88023be58d3a40e305fff080518b__0 .avia-caption-title{\nfont-size:36px;\n}\n#top .avia-slideshow .av-slideshow-caption.av-jrg3gmu2-68ff88023be58d3a40e305fff080518b__0 .avia-caption-content{\nfont-size:20px;\n}\n#top .avia-slideshow .av-slideshow-caption.av-jrg3gmu2-68ff88023be58d3a40e305fff080518b__0 .avia-caption-content p{\nfont-size:20px;\n}\n\n@media only screen and (min-width: 768px) and (max-width: 989px){ \n#top #wrap_all .avia-slideshow .av-slideshow-caption.av-jrg3gmu2-68ff88023be58d3a40e305fff080518b__0 .avia-caption-title{\nfont-size:30px;\n}\n#top .avia-slideshow .av-slideshow-caption.av-jrg3gmu2-68ff88023be58d3a40e305fff080518b__0 .avia-caption-content{\nfont-size:24px;\n}\n#top .avia-slideshow .av-slideshow-caption.av-jrg3gmu2-68ff88023be58d3a40e305fff080518b__0 .avia-caption-content p{\nfont-size:24px;\n}\n}\n\n@media only screen and (min-width: 480px) and (max-width: 767px){ \n#top #wrap_all .avia-slideshow .av-slideshow-caption.av-jrg3gmu2-68ff88023be58d3a40e305fff080518b__0 .avia-caption-title{\nfont-size:24px;\n}\n#top .avia-slideshow .av-slideshow-caption.av-jrg3gmu2-68ff88023be58d3a40e305fff080518b__0 .avia-caption-content{\nfont-size:20px;\n}\n#top .avia-slideshow .av-slideshow-caption.av-jrg3gmu2-68ff88023be58d3a40e305fff080518b__0 .avia-caption-content p{\nfont-size:20px;\n}\n}\n\n@media only screen and (max-width: 479px){ \n#top #wrap_all .avia-slideshow .av-slideshow-caption.av-jrg3gmu2-68ff88023be58d3a40e305fff080518b__0 .avia-caption-title{\nfont-size:20px;\n}\n#top .avia-slideshow .av-slideshow-caption.av-jrg3gmu2-68ff88023be58d3a40e305fff080518b__0 .avia-caption-content{\nfont-size:18px;\n}\n#top .avia-slideshow .av-slideshow-caption.av-jrg3gmu2-68ff88023be58d3a40e305fff080518b__0 .avia-caption-content p{\nfont-size:18px;\n}\n}\n<\/style>\n<div  class='avia-slideshow av-jrg3gmu2-68ff88023be58d3a40e305fff080518b avia-slideshow-featured av_slideshow_full avia-slide-slider av-slideshow-ui av-control-default av-slideshow-manual av-loop-once av-loop-manual-endless av-default-height-applied   avia-slideshow-1' data-slideshow-options=\"{&quot;animation&quot;:&quot;slide&quot;,&quot;autoplay&quot;:false,&quot;loop_autoplay&quot;:&quot;once&quot;,&quot;interval&quot;:5,&quot;loop_manual&quot;:&quot;manual-endless&quot;,&quot;autoplay_stopper&quot;:false,&quot;noNavigation&quot;:false,&quot;bg_slider&quot;:false,&quot;keep_padding&quot;:false,&quot;hoverpause&quot;:false,&quot;show_slide_delay&quot;:0}\"  itemprop=\"image\" itemscope=\"itemscope\" itemtype=\"https:\/\/schema.org\/ImageObject\" ><ul class='avia-slideshow-inner ' style='padding-bottom: 28.666666666667%;'><li  class='avia-slideshow-slide av-jrg3gmu2-68ff88023be58d3a40e305fff080518b__0  av-single-slide slide-1 slide-odd'><div data-rel='slideshow-1' class='avia-slide-wrap '   ><div class='av-slideshow-caption av-jrg3gmu2-68ff88023be58d3a40e305fff080518b__0 caption_fullwidth caption_center caption_center_framed caption_framed'><div class=\"container caption_container\"><div class=\"slideshow_caption\"><div class=\"slideshow_inner_caption\"><div class=\"slideshow_align_caption\"><h2 class='avia-caption-title '  itemprop=\"name\" >DIPLOOMI KONDITORIA RYHM\u00c4<\/h2><div class='avia-caption-content '  itemprop=\"description\" ><p>Hyv\u00e4 Konditoria ryhm\u00e4 perustettiin vaalimaan perinteist\u00e4 Konditoria- ja Kahvilakulttuuria Suomessa.<\/p>\n<\/div><\/div><\/div><\/div><\/div><\/div><img class=\"wp-image-166 avia-img-lazy-loading-not-166\"  src=\"https:\/\/eccere.frans.fi\/wp-content\/uploads\/2019\/01\/cafeerna-1500x430.jpg\" width=\"1500\" height=\"430\" title='kahvilat' alt=''  itemprop=\"thumbnailUrl\"  style='min-height:430px; min-width:1500px; ' \/><div class='av-section-color-overlay' style='opacity: 0.2; background-color: #000000; '><\/div><\/div><\/li><\/ul><\/div><\/div>\n\n<style type=\"text\/css\" data-created_by=\"avia_inline_auto\" id=\"style-css-av-jrhs8p1m-79ad39435521c399efc2135519d96d04\">\n.avia-section.av-jrhs8p1m-79ad39435521c399efc2135519d96d04 .av-parallax .av-parallax-inner{\nbackground-repeat:no-repeat;\nbackground-image:url(https:\/\/eccere.frans.fi\/wp-content\/uploads\/2019\/01\/capuchino.jpg);\nbackground-position:50% 0%;\nbackground-attachment:scroll;\n}\n.avia-section.av-jrhs8p1m-79ad39435521c399efc2135519d96d04 .av-section-color-overlay{\nopacity:0.9;\nbackground-color:#ffffff;\n}\n<\/style>\n<div id='av_section_1'  class='avia-section av-jrhs8p1m-79ad39435521c399efc2135519d96d04 main_color avia-section-default avia-no-border-styling  avia-builder-el-1  el_after_av_slideshow_full  el_before_av_one_half  av-parallax-section avia-bg-style-parallax av-section-color-overlay-active container_wrap sidebar_right'  data-section-bg-repeat='no-repeat'><div class='av-parallax' data-avia-parallax-ratio='0.3' ><div class='av-parallax-inner main_color avia-full-stretch'><\/div><\/div><div class=\"av-section-color-overlay-wrap\"><div class=\"av-section-color-overlay\"><\/div><div class='container av-section-cont-open' ><div class='template-page content  av-content-small alpha units'><div class='post-entry post-entry-type-page post-entry-223'><div class='entry-content-wrapper clearfix'>\n\n<style type=\"text\/css\" data-created_by=\"avia_inline_auto\" id=\"style-css-av-106if-3a08b85581720861d331bdf4ee4fbc81\">\n.flex_column.av-106if-3a08b85581720861d331bdf4ee4fbc81{\n-webkit-border-radius:0px 0px 0px 0px;\n-moz-border-radius:0px 0px 0px 0px;\nborder-radius:0px 0px 0px 0px;\npadding:0px 0px 0px 0px;\n}\n<\/style>\n<div class='flex_column av-106if-3a08b85581720861d331bdf4ee4fbc81 av_three_fourth  avia-builder-el-2  el_before_av_one_fourth  avia-builder-el-first  first flex_column_div av-zero-column-padding '     ><section  class='av_textblock_section av-jrhs7e4u-a91d8a317ef09846d457f5e4e255e3ca'  itemscope=\"itemscope\" itemtype=\"https:\/\/schema.org\/CreativeWork\" ><div class='avia_textblock'  itemprop=\"text\" ><h1>V\u00d6YRINPOIKA Oy KAHVILAT<\/h1>\n<\/div><\/section><br \/>\n\n<style type=\"text\/css\" data-created_by=\"avia_inline_auto\" id=\"style-css-av-jrhnfez9-f6287803da4df0710c7d01d95918caf4\">\n#top .av_textblock_section.av-jrhnfez9-f6287803da4df0710c7d01d95918caf4 .avia_textblock{\nfont-size:20px;\n}\n<\/style>\n<section  class='av_textblock_section av-jrhnfez9-f6287803da4df0710c7d01d95918caf4'  itemscope=\"itemscope\" itemtype=\"https:\/\/schema.org\/CreativeWork\" ><div class='avia_textblock'  itemprop=\"text\" ><p>Nauti el\u00e4m\u00e4st\u00e4 ja hemmottele itsesi vastaleivotuilla herkullisilla t\u00e4ytekakuilla, leivoksilla sek\u00e4 uunituoreilla pikkupullilla ja s\u00e4mpyl\u00f6ill\u00e4.<\/p>\n<p>Tule kahvilaamme rentoutumaan hetkeksi ostosreissusi lomassa. Maista herkullisia voileip\u00e4salaattejamme tai vaikkapa p\u00e4iv\u00e4n lounaskeittomme.<\/p>\n<\/div><\/section><\/p><\/div>\n<style type=\"text\/css\" data-created_by=\"avia_inline_auto\" id=\"style-css-av-9gv07-8cd06abf70dd52c2e33afb25797f5690\">\n.flex_column.av-9gv07-8cd06abf70dd52c2e33afb25797f5690{\n-webkit-border-radius:0px 0px 0px 0px;\n-moz-border-radius:0px 0px 0px 0px;\nborder-radius:0px 0px 0px 0px;\npadding:0px 0px 0px 0px;\n}\n<\/style>\n<div class='flex_column av-9gv07-8cd06abf70dd52c2e33afb25797f5690 av_one_fourth  avia-builder-el-5  el_after_av_three_fourth  avia-builder-el-last  flex_column_div av-zero-column-padding '     ><style type=\"text\/css\" data-created_by=\"avia_inline_auto\" id=\"style-css-av-js4bgj7k-c4ff27a69ecd89ecf552a8fe410bdbdf\">\n.avia-image-container.av-js4bgj7k-c4ff27a69ecd89ecf552a8fe410bdbdf img.avia_image{\nbox-shadow:none;\n}\n.avia-image-container.av-js4bgj7k-c4ff27a69ecd89ecf552a8fe410bdbdf .av-image-caption-overlay-center{\ncolor:#ffffff;\n}\n<\/style>\n<div  class='avia-image-container av-js4bgj7k-c4ff27a69ecd89ecf552a8fe410bdbdf av-styling- avia-align-left  avia-builder-el-6  avia-builder-el-no-sibling '   itemprop=\"image\" itemscope=\"itemscope\" itemtype=\"https:\/\/schema.org\/ImageObject\" ><div class=\"avia-image-container-inner\"><div class=\"avia-image-overlay-wrap\"><img class='wp-image-114 avia-img-lazy-loading-not-114 avia_image ' src=\"https:\/\/eccere.frans.fi\/wp-content\/uploads\/2019\/01\/hyva_konditoria_logo.png\" alt='' title='hyva_konditoria_logo'  height=\"147\" width=\"139\"  itemprop=\"thumbnailUrl\"  \/><\/div><\/div><\/div><\/div>\n<\/div><\/div><\/div><!-- close content main div --><\/div><\/div><\/div><div id='after_section_1'  class='main_color av_default_container_wrap container_wrap sidebar_right'  ><div class='container av-section-cont-open' ><div class='template-page content  av-content-small alpha units'><div class='post-entry post-entry-type-page post-entry-223'><div class='entry-content-wrapper clearfix'>\n\n<style type=\"text\/css\" data-created_by=\"avia_inline_auto\" id=\"style-css-av-5h3hn-6b267a8fa4ef8eed80c2c8d0ca233c64\">\n.flex_column.av-5h3hn-6b267a8fa4ef8eed80c2c8d0ca233c64{\n-webkit-border-radius:0px 0px 0px 0px;\n-moz-border-radius:0px 0px 0px 0px;\nborder-radius:0px 0px 0px 0px;\npadding:0px 0px 0px 0px;\n}\n<\/style>\n<div class='flex_column av-5h3hn-6b267a8fa4ef8eed80c2c8d0ca233c64 av_one_half  avia-builder-el-7  el_after_av_section  el_before_av_one_half  avia-builder-el-first  first flex_column_div av-zero-column-padding '     ><p>\n<style type=\"text\/css\" data-created_by=\"avia_inline_auto\" id=\"style-css-av-522fv-67e87e48b8ca70b3f12f3c379f9c79d9\">\n.avia-image-container.av-522fv-67e87e48b8ca70b3f12f3c379f9c79d9 img.avia_image{\nbox-shadow:none;\n}\n.avia-image-container.av-522fv-67e87e48b8ca70b3f12f3c379f9c79d9 .av-image-caption-overlay-center{\ncolor:#ffffff;\n}\n<\/style>\n<div  class='avia-image-container av-522fv-67e87e48b8ca70b3f12f3c379f9c79d9 av-styling- avia-align-center  avia-builder-el-8  el_before_av_textblock  avia-builder-el-first '   itemprop=\"image\" itemscope=\"itemscope\" itemtype=\"https:\/\/schema.org\/ImageObject\" ><div class=\"avia-image-container-inner\"><div class=\"avia-image-overlay-wrap\"><img class='wp-image-865 avia-img-lazy-loading-not-865 avia_image ' src=\"https:\/\/eccere.frans.fi\/wp-content\/uploads\/2019\/02\/MR1.jpg\" alt='' title='MR1'  height=\"400\" width=\"600\"  itemprop=\"thumbnailUrl\" srcset=\"https:\/\/eccere.frans.fi\/wp-content\/uploads\/2019\/02\/MR1.jpg 600w, https:\/\/eccere.frans.fi\/wp-content\/uploads\/2019\/02\/MR1-300x200.jpg 300w, https:\/\/eccere.frans.fi\/wp-content\/uploads\/2019\/02\/MR1-450x300.jpg 450w\" sizes=\"(max-width: 600px) 100vw, 600px\" \/><\/div><\/div><\/div><br \/>\n<section  class='av_textblock_section av-4r4zz-ca5f34c54888248882c8c43620f18000'  itemscope=\"itemscope\" itemtype=\"https:\/\/schema.org\/CreativeWork\" ><div class='avia_textblock'  itemprop=\"text\" ><h2>V\u00d6YRINPOIKA CAF\u00c9- REWELL CENTER<\/h2>\n<p>G\u00f6ranin konditoria on toiminut Vaasan Rewell Centeriss\u00e4 vuodesta 1979. Keidas keskell\u00e4 kaupunkia tuoreiden leivonnaisten ja hyv\u00e4n kahvin ja muun juoman yst\u00e4ville.<\/p>\n<p><strong>AUKIOLOAJAT:<\/strong><br \/>\nMa-Pe 8 &#8211; 19<br \/>\nLa 8 &#8211; 17<br \/>\nSu 10 &#8211; 16<\/p>\n<p>Rewell Center 117, 65100 Vaasa<\/p>\n<p>Puh. 06- 384 3362<br \/>\nS\u00e4hk\u00f6posti: konditorigorans@outlook.com<\/p>\n<\/div><\/section><\/p><\/div>\n\n<style type=\"text\/css\" data-created_by=\"avia_inline_auto\" id=\"style-css-av-41qkj-7a12b0d80e1f88217c70dfce47e7b1c6\">\n.flex_column.av-41qkj-7a12b0d80e1f88217c70dfce47e7b1c6{\n-webkit-border-radius:0px 0px 0px 0px;\n-moz-border-radius:0px 0px 0px 0px;\nborder-radius:0px 0px 0px 0px;\npadding:0px 0px 0px 0px;\n}\n<\/style>\n<div class='flex_column av-41qkj-7a12b0d80e1f88217c70dfce47e7b1c6 av_one_half  avia-builder-el-10  el_after_av_one_half  el_before_av_one_half  flex_column_div av-zero-column-padding '     ><p>\n<style type=\"text\/css\" data-created_by=\"avia_inline_auto\" id=\"style-css-av-3dzsb-540fbb481adb81a31dd61d7ef0544b25\">\n.avia-image-container.av-3dzsb-540fbb481adb81a31dd61d7ef0544b25 img.avia_image{\nbox-shadow:none;\n}\n.avia-image-container.av-3dzsb-540fbb481adb81a31dd61d7ef0544b25 .av-image-caption-overlay-center{\ncolor:#ffffff;\n}\n<\/style>\n<div  class='avia-image-container av-3dzsb-540fbb481adb81a31dd61d7ef0544b25 av-styling- avia-align-center  avia-builder-el-11  el_before_av_textblock  avia-builder-el-first '   itemprop=\"image\" itemscope=\"itemscope\" itemtype=\"https:\/\/schema.org\/ImageObject\" ><div class=\"avia-image-container-inner\"><div class=\"avia-image-overlay-wrap\"><img class='wp-image-863 avia-img-lazy-loading-not-863 avia_image ' src=\"https:\/\/eccere.frans.fi\/wp-content\/uploads\/2019\/02\/Budapest.jpg\" alt='' title='Budapest'  height=\"400\" width=\"600\"  itemprop=\"thumbnailUrl\" srcset=\"https:\/\/eccere.frans.fi\/wp-content\/uploads\/2019\/02\/Budapest.jpg 600w, https:\/\/eccere.frans.fi\/wp-content\/uploads\/2019\/02\/Budapest-300x200.jpg 300w, https:\/\/eccere.frans.fi\/wp-content\/uploads\/2019\/02\/Budapest-450x300.jpg 450w\" sizes=\"(max-width: 600px) 100vw, 600px\" \/><\/div><\/div><\/div><br \/>\n<section  class='av_textblock_section av-2t08b-8dd98a557cd398da9a6a18f0a78cb84a'  itemscope=\"itemscope\" itemtype=\"https:\/\/schema.org\/CreativeWork\" ><div class='avia_textblock'  itemprop=\"text\" ><h2>BAKERY&amp;caf\u00e9 &#8211; TAMMIPIHA<\/h2>\n<p>Kahvila sijaitsee Vaasan keskustassa ja on paikka sinulle joka nautit rauhallisesta ymp\u00e4rist\u00f6st\u00e4. Samat laadukkaat tuotteet kun muissakin konditoria\/kahviloissamme.<\/p>\n<p><strong>AUKIOLOAJAT:<\/strong><br \/>\nMa-Pe 9.00 &#8211; 16.30<br \/>\nL\u00f6-S\u00f6 Suljettu<\/p>\n<p>Ter\u00e4ksenkuja 1, 65100 Vaasa<\/p>\n<p>Puh. (06) 384 3363<br \/>\nS\u00e4hk\u00f6posti: bakery.cafe@outlook.com<\/p>\n<\/div><\/section><\/p><\/div>\n\n<style type=\"text\/css\" data-created_by=\"avia_inline_auto\" id=\"style-css-av-2387z-99cd829441e690bbb62ad359262228b6\">\n.flex_column.av-2387z-99cd829441e690bbb62ad359262228b6{\n-webkit-border-radius:0px 0px 0px 0px;\n-moz-border-radius:0px 0px 0px 0px;\nborder-radius:0px 0px 0px 0px;\npadding:0px 0px 0px 0px;\n}\n<\/style>\n<div class='flex_column av-2387z-99cd829441e690bbb62ad359262228b6 av_one_half  avia-builder-el-13  el_after_av_one_half  avia-builder-el-last  first flex_column_div av-zero-column-padding column-top-margin'     ><p>\n<style type=\"text\/css\" data-created_by=\"avia_inline_auto\" id=\"style-css-av-4vqj-bff82ae74f97a1e781ad004a3234a23e\">\n.avia-image-container.av-4vqj-bff82ae74f97a1e781ad004a3234a23e img.avia_image{\nbox-shadow:none;\n}\n.avia-image-container.av-4vqj-bff82ae74f97a1e781ad004a3234a23e .av-image-caption-overlay-center{\ncolor:#ffffff;\n}\n<\/style>\n<div  class='avia-image-container av-4vqj-bff82ae74f97a1e781ad004a3234a23e av-styling- avia-align-center  avia-builder-el-14  el_before_av_textblock  avia-builder-el-first '   itemprop=\"image\" itemscope=\"itemscope\" itemtype=\"https:\/\/schema.org\/ImageObject\" ><div class=\"avia-image-container-inner\"><div class=\"avia-image-overlay-wrap\"><img class='wp-image-867 avia-img-lazy-loading-not-867 avia_image ' src=\"https:\/\/eccere.frans.fi\/wp-content\/uploads\/2019\/02\/MR-Toscawiener.jpg\" alt='' title='MR-Toscawiener'  height=\"400\" width=\"600\"  itemprop=\"thumbnailUrl\" srcset=\"https:\/\/eccere.frans.fi\/wp-content\/uploads\/2019\/02\/MR-Toscawiener.jpg 600w, https:\/\/eccere.frans.fi\/wp-content\/uploads\/2019\/02\/MR-Toscawiener-300x200.jpg 300w, https:\/\/eccere.frans.fi\/wp-content\/uploads\/2019\/02\/MR-Toscawiener-450x300.jpg 450w\" sizes=\"(max-width: 600px) 100vw, 600px\" \/><\/div><\/div><\/div><br \/>\n<section  class='av_textblock_section av-155of-ff699d96f67f56ae1385dbbe162fcd8a'  itemscope=\"itemscope\" itemtype=\"https:\/\/schema.org\/CreativeWork\" ><div class='avia_textblock'  itemprop=\"text\" ><h2>V\u00d6YRINPOIKA &#8211; CAF\u00c9 ESPEN<\/h2>\n<p>Caf\u00e9 Espen on uusin konditoria\/kahvilamme ja l\u00f6yd\u00e4t meid\u00e4t Ostoskeskus Espenist\u00e4 Vaasan &#8221;Alatorilta&#8221;. Tule ja nauti mainiosta milj\u00f6\u00f6st\u00e4 vanhan Commerce talon katetulla sis\u00e4pihalla. Kes\u00e4isin my\u00f6s katuterassi torin aurinkoisella puolella.<\/p>\n<p><strong>AUKIOLOAJAT:<\/strong><br \/>\nMa &#8211; Pe 8 &#8211; 19<br \/>\nLa 8-17<br \/>\nSu 12 &#8211; 16<\/p>\n<p>Alatori 1 B, 65100 Vaasa<\/p>\n<p>Puh. 06-384 3361<br \/>\nS\u00e4hk\u00f6posti: vpcespen@outlook.com<\/p>\n<\/div><\/section><\/p><\/div>\n","protected":false},"excerpt":{"rendered":"","protected":false},"author":2,"featured_media":0,"parent":0,"menu_order":0,"comment_status":"closed","ping_status":"closed","template":"","meta":[],"_links":{"self":[{"href":"https:\/\/eccere.frans.fi\/fi\/wp-json\/wp\/v2\/pages\/223"}],"collection":[{"href":"https:\/\/eccere.frans.fi\/fi\/wp-json\/wp\/v2\/pages"}],"about":[{"href":"https:\/\/eccere.frans.fi\/fi\/wp-json\/wp\/v2\/types\/page"}],"author":[{"embeddable":true,"href":"https:\/\/eccere.frans.fi\/fi\/wp-json\/wp\/v2\/users\/2"}],"replies":[{"embeddable":true,"href":"https:\/\/eccere.frans.fi\/fi\/wp-json\/wp\/v2\/comments?post=223"}],"version-history":[{"count":12,"href":"https:\/\/eccere.frans.fi\/fi\/wp-json\/wp\/v2\/pages\/223\/revisions"}],"predecessor-version":[{"id":1044,"href":"https:\/\/eccere.frans.fi\/fi\/wp-json\/wp\/v2\/pages\/223\/revisions\/1044"}],"wp:attachment":[{"href":"https:\/\/eccere.frans.fi\/fi\/wp-json\/wp\/v2\/media?parent=223"}],"curies":[{"name":"wp","href":"https:\/\/api.w.org\/{rel}","templated":true}]}}