{"id":215,"date":"2019-01-28T16:29:26","date_gmt":"2019-01-28T14:29:26","guid":{"rendered":"https:\/\/eccere.frans.fi\/?page_id=215"},"modified":"2019-03-25T19:58:09","modified_gmt":"2019-03-25T17:58:09","slug":"leipomot","status":"publish","type":"page","link":"https:\/\/eccere.frans.fi\/fi\/leipomot\/","title":{"rendered":"V\u00f6yrinpoika Oy"},"content":{"rendered":"<div id='full_slider_1'  class='avia-fullwidth-slider main_color avia-shadow   avia-builder-el-0  el_before_av_section  avia-builder-el-first   container_wrap sidebar_right'  >\n<style type=\"text\/css\" data-created_by=\"avia_inline_auto\" id=\"style-css-av-jrg3gmu2-68ff88023be58d3a40e305fff080518b\">\n#top #wrap_all .avia-slideshow .av-slideshow-caption.av-jrg3gmu2-68ff88023be58d3a40e305fff080518b__0 .avia-caption-title{\nfont-size:36px;\n}\n#top .avia-slideshow .av-slideshow-caption.av-jrg3gmu2-68ff88023be58d3a40e305fff080518b__0 .avia-caption-content{\nfont-size:20px;\n}\n#top .avia-slideshow .av-slideshow-caption.av-jrg3gmu2-68ff88023be58d3a40e305fff080518b__0 .avia-caption-content p{\nfont-size:20px;\n}\n\n@media only screen and (min-width: 768px) and (max-width: 989px){ \n#top #wrap_all .avia-slideshow .av-slideshow-caption.av-jrg3gmu2-68ff88023be58d3a40e305fff080518b__0 .avia-caption-title{\nfont-size:30px;\n}\n#top .avia-slideshow .av-slideshow-caption.av-jrg3gmu2-68ff88023be58d3a40e305fff080518b__0 .avia-caption-content{\nfont-size:24px;\n}\n#top .avia-slideshow .av-slideshow-caption.av-jrg3gmu2-68ff88023be58d3a40e305fff080518b__0 .avia-caption-content p{\nfont-size:24px;\n}\n}\n\n@media only screen and (min-width: 480px) and (max-width: 767px){ \n#top #wrap_all .avia-slideshow .av-slideshow-caption.av-jrg3gmu2-68ff88023be58d3a40e305fff080518b__0 .avia-caption-title{\nfont-size:24px;\n}\n#top .avia-slideshow .av-slideshow-caption.av-jrg3gmu2-68ff88023be58d3a40e305fff080518b__0 .avia-caption-content{\nfont-size:20px;\n}\n#top .avia-slideshow .av-slideshow-caption.av-jrg3gmu2-68ff88023be58d3a40e305fff080518b__0 .avia-caption-content p{\nfont-size:20px;\n}\n}\n\n@media only screen and (max-width: 479px){ \n#top #wrap_all .avia-slideshow .av-slideshow-caption.av-jrg3gmu2-68ff88023be58d3a40e305fff080518b__0 .avia-caption-title{\nfont-size:20px;\n}\n#top .avia-slideshow .av-slideshow-caption.av-jrg3gmu2-68ff88023be58d3a40e305fff080518b__0 .avia-caption-content{\nfont-size:18px;\n}\n#top .avia-slideshow .av-slideshow-caption.av-jrg3gmu2-68ff88023be58d3a40e305fff080518b__0 .avia-caption-content p{\nfont-size:18px;\n}\n}\n<\/style>\n<div  class='avia-slideshow av-jrg3gmu2-68ff88023be58d3a40e305fff080518b avia-slideshow-featured av_slideshow_full avia-slide-slider av-slideshow-ui av-control-default av-slideshow-manual av-loop-once av-loop-manual-endless av-default-height-applied   avia-slideshow-1' data-slideshow-options=\"{&quot;animation&quot;:&quot;slide&quot;,&quot;autoplay&quot;:false,&quot;loop_autoplay&quot;:&quot;once&quot;,&quot;interval&quot;:5,&quot;loop_manual&quot;:&quot;manual-endless&quot;,&quot;autoplay_stopper&quot;:false,&quot;noNavigation&quot;:false,&quot;bg_slider&quot;:false,&quot;keep_padding&quot;:false,&quot;hoverpause&quot;:false,&quot;show_slide_delay&quot;:0}\"  itemprop=\"image\" itemscope=\"itemscope\" itemtype=\"https:\/\/schema.org\/ImageObject\" ><ul class='avia-slideshow-inner ' style='padding-bottom: 28.666666666667%;'><li  class='avia-slideshow-slide av-jrg3gmu2-68ff88023be58d3a40e305fff080518b__0  av-single-slide slide-1 slide-odd'><div data-rel='slideshow-1' class='avia-slide-wrap '   ><div class='av-slideshow-caption av-jrg3gmu2-68ff88023be58d3a40e305fff080518b__0 caption_fullwidth caption_center caption_center_framed caption_framed'><div class=\"container caption_container\"><div class=\"slideshow_caption\"><div class=\"slideshow_inner_caption\"><div class=\"slideshow_align_caption\"><h2 class='avia-caption-title '  itemprop=\"name\" >V\u00d6YRINPOIKA Oy LEIPOMOT<\/h2><\/div><\/div><\/div><\/div><\/div><img class=\"wp-image-149 avia-img-lazy-loading-not-149\"  src=\"https:\/\/eccere.frans.fi\/wp-content\/uploads\/2019\/01\/bagerierna-1500x430.jpg\" width=\"1500\" height=\"430\" title='bagerierna' alt=''  itemprop=\"thumbnailUrl\"  style='min-height:430px; min-width:1500px; ' \/><div class='av-section-color-overlay' style='opacity: 0.2; background-color: #000000; '><\/div><\/div><\/li><\/ul><\/div><\/div>\n\n<style type=\"text\/css\" data-created_by=\"avia_inline_auto\" id=\"style-css-av-jrhroxhz-2992943f0e5a207f33a0a7162bc86630\">\n.avia-section.av-jrhroxhz-2992943f0e5a207f33a0a7162bc86630 .av-parallax .av-parallax-inner{\nbackground-repeat:no-repeat;\nbackground-image:url(https:\/\/eccere.frans.fi\/wp-content\/uploads\/2019\/01\/leipomot.jpg);\nbackground-position:50% 0%;\nbackground-attachment:scroll;\n}\n.avia-section.av-jrhroxhz-2992943f0e5a207f33a0a7162bc86630 .av-section-color-overlay{\nopacity:0.9;\nbackground-color:#ffffff;\n}\n<\/style>\n<div id='av_section_1'  class='avia-section av-jrhroxhz-2992943f0e5a207f33a0a7162bc86630 main_color avia-section-default avia-no-border-styling  avia-builder-el-1  el_after_av_slideshow_full  el_before_av_one_half  av-parallax-section avia-bg-style-parallax av-section-color-overlay-active container_wrap sidebar_right'  data-section-bg-repeat='no-repeat'><div class='av-parallax' data-avia-parallax-ratio='0.3' ><div class='av-parallax-inner main_color avia-full-stretch'><\/div><\/div><div class=\"av-section-color-overlay-wrap\"><div class=\"av-section-color-overlay\"><\/div><div class='container av-section-cont-open' ><div class='template-page content  av-content-small alpha units'><div class='post-entry post-entry-type-page post-entry-215'><div class='entry-content-wrapper clearfix'>\n\n<style type=\"text\/css\" data-created_by=\"avia_inline_auto\" id=\"style-css-av-335c-0b7464cd7fad804d7bffbea0abd83a12\">\n.flex_column.av-335c-0b7464cd7fad804d7bffbea0abd83a12{\n-webkit-border-radius:0px 0px 0px 0px;\n-moz-border-radius:0px 0px 0px 0px;\nborder-radius:0px 0px 0px 0px;\npadding:0px 0px 0px 0px;\n}\n<\/style>\n<div class='flex_column av-335c-0b7464cd7fad804d7bffbea0abd83a12 av_one_full  avia-builder-el-2  el_before_av_textblock  avia-builder-el-first  first flex_column_div av-zero-column-padding '     ><section  class='av_textblock_section av-jrhs1fvr-77f7832d4975cc6315d6b138562e3cdc'  itemscope=\"itemscope\" itemtype=\"https:\/\/schema.org\/CreativeWork\" ><div class='avia_textblock'  itemprop=\"text\" ><h1>V\u00d6YRINPOIKA Oy:n LEIPOMOT<\/h1>\n<\/div><\/section><\/div>\n<style type=\"text\/css\" data-created_by=\"avia_inline_auto\" id=\"style-css-av-jrgapfr4-ad547416341449141e40206d588cd9db\">\n#top .av_textblock_section.av-jrgapfr4-ad547416341449141e40206d588cd9db .avia_textblock{\nfont-size:20px;\n}\n<\/style>\n<section  class='av_textblock_section av-jrgapfr4-ad547416341449141e40206d588cd9db'  itemscope=\"itemscope\" itemtype=\"https:\/\/schema.org\/CreativeWork\" ><div class='avia_textblock'  itemprop=\"text\" ><p style=\"text-align: left;\">V\u00f6yrinpoika leipoo ruokaleip\u00e4\u00e4, kahvileip\u00e4\u00e4, kahvila- ja konditoriatuotteita. Jakelualue v\u00e4hitt\u00e4iskaupan kautta rannikkoalueella Kristiinankaupungin ja Pietarsaaren v\u00e4lill\u00e4, sek\u00e4 Kyr\u00f6nmaalla ja Kauhavalla.<\/p>\n<p style=\"text-align: left;\">V\u00f6yrinpojan leipomot sijaitsevat V\u00f6yrill\u00e4, Vaasassa ja Uudessakaarlepyyss\u00e4.<\/p>\n<\/div><\/section>\n<\/div><\/div><\/div><!-- close content main div --><\/div><\/div><\/div><div id='after_section_1'  class='main_color av_default_container_wrap container_wrap sidebar_right'  ><div class='container av-section-cont-open' ><div class='template-page content  av-content-small alpha units'><div class='post-entry post-entry-type-page post-entry-215'><div class='entry-content-wrapper clearfix'>\n\n<style type=\"text\/css\" data-created_by=\"avia_inline_auto\" id=\"style-css-av-2xoo0-dd382713ae3a614ca08a1db9092a20c1\">\n.flex_column.av-2xoo0-dd382713ae3a614ca08a1db9092a20c1{\n-webkit-border-radius:0px 0px 0px 0px;\n-moz-border-radius:0px 0px 0px 0px;\nborder-radius:0px 0px 0px 0px;\npadding:0px 0px 0px 0px;\n}\n<\/style>\n<div class='flex_column av-2xoo0-dd382713ae3a614ca08a1db9092a20c1 av_one_half  avia-builder-el-5  el_after_av_section  el_before_av_one_half  avia-builder-el-first  first flex_column_div av-zero-column-padding '     ><p>\n<style type=\"text\/css\" data-created_by=\"avia_inline_auto\" id=\"style-css-av-jrgb98o9-9c759eb34b39fdec404eeacb9728bbe2\">\n.avia-image-container.av-jrgb98o9-9c759eb34b39fdec404eeacb9728bbe2 img.avia_image{\nbox-shadow:none;\n}\n.avia-image-container.av-jrgb98o9-9c759eb34b39fdec404eeacb9728bbe2 .av-image-caption-overlay-center{\ncolor:#ffffff;\n}\n<\/style>\n<div  class='avia-image-container av-jrgb98o9-9c759eb34b39fdec404eeacb9728bbe2 av-styling- avia-align-center  avia-builder-el-6  el_before_av_textblock  avia-builder-el-first '   itemprop=\"image\" itemscope=\"itemscope\" itemtype=\"https:\/\/schema.org\/ImageObject\" ><div class=\"avia-image-container-inner\"><div class=\"avia-image-overlay-wrap\"><img class='wp-image-134 avia-img-lazy-loading-not-134 avia_image ' src=\"https:\/\/eccere.frans.fi\/wp-content\/uploads\/2019\/01\/ecce-re-kontoret.jpg\" alt='' title='ecce-re-kontoret'  height=\"418\" width=\"640\"  itemprop=\"thumbnailUrl\" srcset=\"https:\/\/eccere.frans.fi\/wp-content\/uploads\/2019\/01\/ecce-re-kontoret.jpg 640w, https:\/\/eccere.frans.fi\/wp-content\/uploads\/2019\/01\/ecce-re-kontoret-300x196.jpg 300w, https:\/\/eccere.frans.fi\/wp-content\/uploads\/2019\/01\/ecce-re-kontoret-450x294.jpg 450w\" sizes=\"(max-width: 640px) 100vw, 640px\" \/><\/div><\/div><\/div><br \/>\n<section  class='av_textblock_section av-jrgbb5d6-4f3ac22d0b7bf0e4c9ce73c358807e44'  itemscope=\"itemscope\" itemtype=\"https:\/\/schema.org\/CreativeWork\" ><div class='avia_textblock'  itemprop=\"text\" ><h2>V\u00d6YRINPOIKA<\/h2>\n<p>Yrityksen juuret ovat V\u00f6yrill\u00e4 ja t\u00e4\u00e4ll\u00e4 valmistetaan suurin osa tuotteistamme. Osaava henkil\u00f6kunta takaa tuotteiden laadun ja suo kaikille herkkusuille nautinnon hetki\u00e4 tuotteidemme parissa.<\/p>\n<p>K\u00e4ynti- &amp; Postiosoite: Rekipellontie 5, 66600 V\u00f6yri<\/p>\n<p>Puh. 06-384 3300<br \/>\nS\u00e4hk\u00f6posti: info@eccere.frans.fi<\/p>\n<h3><\/h3>\n<\/div><\/section><\/p><\/div>\n\n<style type=\"text\/css\" data-created_by=\"avia_inline_auto\" id=\"style-css-av-22dtc-e622d7371fdc6cea396c291c3da33bf8\">\n.flex_column.av-22dtc-e622d7371fdc6cea396c291c3da33bf8{\n-webkit-border-radius:0px 0px 0px 0px;\n-moz-border-radius:0px 0px 0px 0px;\nborder-radius:0px 0px 0px 0px;\npadding:0px 0px 0px 0px;\n}\n<\/style>\n<div class='flex_column av-22dtc-e622d7371fdc6cea396c291c3da33bf8 av_one_half  avia-builder-el-8  el_after_av_one_half  el_before_av_one_half  flex_column_div av-zero-column-padding '     ><p>\n<style type=\"text\/css\" data-created_by=\"avia_inline_auto\" id=\"style-css-av-jrgb9r7c-2a390060f179898c10a199a737907346\">\n.avia-image-container.av-jrgb9r7c-2a390060f179898c10a199a737907346 img.avia_image{\nbox-shadow:none;\n}\n.avia-image-container.av-jrgb9r7c-2a390060f179898c10a199a737907346 .av-image-caption-overlay-center{\ncolor:#ffffff;\n}\n<\/style>\n<div  class='avia-image-container av-jrgb9r7c-2a390060f179898c10a199a737907346 av-styling- avia-align-center  avia-builder-el-9  el_before_av_textblock  avia-builder-el-first '   itemprop=\"image\" itemscope=\"itemscope\" itemtype=\"https:\/\/schema.org\/ImageObject\" ><div class=\"avia-image-container-inner\"><div class=\"avia-image-overlay-wrap\"><img class='wp-image-136 avia-img-lazy-loading-not-136 avia_image ' src=\"https:\/\/eccere.frans.fi\/wp-content\/uploads\/2019\/01\/instore-bakery.jpg\" alt='' title='instore-bakery'  height=\"418\" width=\"640\"  itemprop=\"thumbnailUrl\" srcset=\"https:\/\/eccere.frans.fi\/wp-content\/uploads\/2019\/01\/instore-bakery.jpg 640w, https:\/\/eccere.frans.fi\/wp-content\/uploads\/2019\/01\/instore-bakery-300x196.jpg 300w, https:\/\/eccere.frans.fi\/wp-content\/uploads\/2019\/01\/instore-bakery-450x294.jpg 450w\" sizes=\"(max-width: 640px) 100vw, 640px\" \/><\/div><\/div><\/div><br \/>\n<section  class='av_textblock_section av-jrgbd49e-2ff402e91df6dfb5de271bbfa4991c54'  itemscope=\"itemscope\" itemtype=\"https:\/\/schema.org\/CreativeWork\" ><div class='avia_textblock'  itemprop=\"text\" ><h2>V\u00d6YRINPOIKA &#8211; VAASA<\/h2>\n<p>N.k. &#8221;instore bakery&#8221; eli leipomo kaupassa. Suurimman osan tuotteista leivomme paikan p\u00e4\u00e4lle alusta l\u00e4htien. Osa tuotteista ostamme V\u00f6yrin leipomosta raakapakasteena ja paistamme menekin mukaiset m\u00e4\u00e4r\u00e4t useamman kerran p\u00e4iv\u00e4ss\u00e4.<\/p>\n<p>Osoite: Jukolantie 1<br \/>\n65300 Vaasa<\/p>\n<p>Puh. 020 780 7688<br \/>\nS\u00e4hk\u00f6posti: leipomo.prismavaasa@sok.fi<\/p>\n<h3><\/h3>\n<\/div><\/section><\/p><\/div>\n\n<style type=\"text\/css\" data-created_by=\"avia_inline_auto\" id=\"style-css-av-xzvo-72e4e9ab1978314c8a1db2cd6416f456\">\n.flex_column.av-xzvo-72e4e9ab1978314c8a1db2cd6416f456{\n-webkit-border-radius:0px 0px 0px 0px;\n-moz-border-radius:0px 0px 0px 0px;\nborder-radius:0px 0px 0px 0px;\npadding:0px 0px 0px 0px;\n}\n<\/style>\n<div class='flex_column av-xzvo-72e4e9ab1978314c8a1db2cd6416f456 av_one_half  avia-builder-el-11  el_after_av_one_half  avia-builder-el-last  first flex_column_div av-zero-column-padding column-top-margin'     ><p>\n<style type=\"text\/css\" data-created_by=\"avia_inline_auto\" id=\"style-css-av-jrgbaaag-59dcf25deb129efb554edd2ba8f25ec2\">\n.avia-image-container.av-jrgbaaag-59dcf25deb129efb554edd2ba8f25ec2 img.avia_image{\nbox-shadow:none;\n}\n.avia-image-container.av-jrgbaaag-59dcf25deb129efb554edd2ba8f25ec2 .av-image-caption-overlay-center{\ncolor:#ffffff;\n}\n<\/style>\n<div  class='avia-image-container av-jrgbaaag-59dcf25deb129efb554edd2ba8f25ec2 av-styling- avia-align-center  avia-builder-el-12  el_before_av_textblock  avia-builder-el-first '   itemprop=\"image\" itemscope=\"itemscope\" itemtype=\"https:\/\/schema.org\/ImageObject\" ><div class=\"avia-image-container-inner\"><div class=\"avia-image-overlay-wrap\"><img class='wp-image-138 avia-img-lazy-loading-not-138 avia_image ' src=\"https:\/\/eccere.frans.fi\/wp-content\/uploads\/2019\/01\/sandbergs-bageri.jpg\" alt='' title='sandbergs-bageri'  height=\"418\" width=\"640\"  itemprop=\"thumbnailUrl\" srcset=\"https:\/\/eccere.frans.fi\/wp-content\/uploads\/2019\/01\/sandbergs-bageri.jpg 640w, https:\/\/eccere.frans.fi\/wp-content\/uploads\/2019\/01\/sandbergs-bageri-300x196.jpg 300w, https:\/\/eccere.frans.fi\/wp-content\/uploads\/2019\/01\/sandbergs-bageri-450x294.jpg 450w\" sizes=\"(max-width: 640px) 100vw, 640px\" \/><\/div><\/div><\/div><br \/>\n<section  class='av_textblock_section av-jrgawqz9-ad803ef2807ce321a67e2780655d6880'  itemscope=\"itemscope\" itemtype=\"https:\/\/schema.org\/CreativeWork\" ><div class='avia_textblock'  itemprop=\"text\" ><h2 style=\"text-align: left;\">SANDBERGIN LEIPOMO UUDESSAKAARLEPYYSS\u00c4<\/h2>\n<p style=\"text-align: left;\">V\u00f6yrinpoika jatkaa Sandbergin leipomon jalanj\u00e4lki\u00e4 valmistamalla leipomon perinteisi\u00e4 tuotteita.<\/p>\n<p style=\"text-align: left;\">Osoite: Myllytie 12, 66900 Uusikaarlepyy<\/p>\n<p style=\"text-align: left;\">Puh. 06 722 0411<br \/>\nS\u00e4hk\u00f6posti: sandbergsbageri@multi.fi<\/p>\n<h3 style=\"text-align: left;\"><\/h3>\n<\/div><\/section><\/p><\/div>\n","protected":false},"excerpt":{"rendered":"","protected":false},"author":1,"featured_media":0,"parent":0,"menu_order":0,"comment_status":"closed","ping_status":"closed","template":"","meta":[],"_links":{"self":[{"href":"https:\/\/eccere.frans.fi\/fi\/wp-json\/wp\/v2\/pages\/215"}],"collection":[{"href":"https:\/\/eccere.frans.fi\/fi\/wp-json\/wp\/v2\/pages"}],"about":[{"href":"https:\/\/eccere.frans.fi\/fi\/wp-json\/wp\/v2\/types\/page"}],"author":[{"embeddable":true,"href":"https:\/\/eccere.frans.fi\/fi\/wp-json\/wp\/v2\/users\/1"}],"replies":[{"embeddable":true,"href":"https:\/\/eccere.frans.fi\/fi\/wp-json\/wp\/v2\/comments?post=215"}],"version-history":[{"count":10,"href":"https:\/\/eccere.frans.fi\/fi\/wp-json\/wp\/v2\/pages\/215\/revisions"}],"predecessor-version":[{"id":1046,"href":"https:\/\/eccere.frans.fi\/fi\/wp-json\/wp\/v2\/pages\/215\/revisions\/1046"}],"wp:attachment":[{"href":"https:\/\/eccere.frans.fi\/fi\/wp-json\/wp\/v2\/media?parent=215"}],"curies":[{"name":"wp","href":"https:\/\/api.w.org\/{rel}","templated":true}]}}