{"id":212,"date":"2019-01-28T16:27:36","date_gmt":"2019-01-28T14:27:36","guid":{"rendered":"https:\/\/eccere.frans.fi\/?page_id=212"},"modified":"2019-03-25T19:56:32","modified_gmt":"2019-03-25T17:56:32","slug":"etusivu","status":"publish","type":"page","link":"https:\/\/eccere.frans.fi\/fi\/","title":{"rendered":"Etusivu"},"content":{"rendered":"<div id='full_slider_1'  class='avia-fullwidth-slider main_color avia-shadow   avia-builder-el-0  el_before_av_section  avia-builder-el-first   container_wrap sidebar_right'  >\n<style type=\"text\/css\" data-created_by=\"avia_inline_auto\" id=\"style-css-av-jrg3gmu2-68ff88023be58d3a40e305fff080518b\">\n#top #wrap_all .avia-slideshow .av-slideshow-caption.av-jrg3gmu2-68ff88023be58d3a40e305fff080518b__0 .avia-caption-title{\nfont-size:36px;\n}\n#top .avia-slideshow .av-slideshow-caption.av-jrg3gmu2-68ff88023be58d3a40e305fff080518b__0 .avia-caption-content{\nfont-size:20px;\n}\n#top .avia-slideshow .av-slideshow-caption.av-jrg3gmu2-68ff88023be58d3a40e305fff080518b__0 .avia-caption-content p{\nfont-size:20px;\n}\n\n@media only screen and (min-width: 768px) and (max-width: 989px){ \n#top #wrap_all .avia-slideshow .av-slideshow-caption.av-jrg3gmu2-68ff88023be58d3a40e305fff080518b__0 .avia-caption-title{\nfont-size:30px;\n}\n#top .avia-slideshow .av-slideshow-caption.av-jrg3gmu2-68ff88023be58d3a40e305fff080518b__0 .avia-caption-content{\nfont-size:24px;\n}\n#top .avia-slideshow .av-slideshow-caption.av-jrg3gmu2-68ff88023be58d3a40e305fff080518b__0 .avia-caption-content p{\nfont-size:24px;\n}\n}\n\n@media only screen and (min-width: 480px) and (max-width: 767px){ \n#top #wrap_all .avia-slideshow .av-slideshow-caption.av-jrg3gmu2-68ff88023be58d3a40e305fff080518b__0 .avia-caption-title{\nfont-size:24px;\n}\n#top .avia-slideshow .av-slideshow-caption.av-jrg3gmu2-68ff88023be58d3a40e305fff080518b__0 .avia-caption-content{\nfont-size:20px;\n}\n#top .avia-slideshow .av-slideshow-caption.av-jrg3gmu2-68ff88023be58d3a40e305fff080518b__0 .avia-caption-content p{\nfont-size:20px;\n}\n}\n\n@media only screen and (max-width: 479px){ \n#top #wrap_all .avia-slideshow .av-slideshow-caption.av-jrg3gmu2-68ff88023be58d3a40e305fff080518b__0 .avia-caption-title{\nfont-size:20px;\n}\n#top .avia-slideshow .av-slideshow-caption.av-jrg3gmu2-68ff88023be58d3a40e305fff080518b__0 .avia-caption-content{\nfont-size:18px;\n}\n#top .avia-slideshow .av-slideshow-caption.av-jrg3gmu2-68ff88023be58d3a40e305fff080518b__0 .avia-caption-content p{\nfont-size:18px;\n}\n}\n<\/style>\n<div  class='avia-slideshow av-jrg3gmu2-68ff88023be58d3a40e305fff080518b avia-slideshow-featured av_slideshow_full avia-slide-slider av-slideshow-ui av-control-default av-slideshow-manual av-loop-once av-loop-manual-endless av-default-height-applied   avia-slideshow-1' data-slideshow-options=\"{&quot;animation&quot;:&quot;slide&quot;,&quot;autoplay&quot;:false,&quot;loop_autoplay&quot;:&quot;once&quot;,&quot;interval&quot;:5,&quot;loop_manual&quot;:&quot;manual-endless&quot;,&quot;autoplay_stopper&quot;:false,&quot;noNavigation&quot;:false,&quot;bg_slider&quot;:false,&quot;keep_padding&quot;:false,&quot;hoverpause&quot;:false,&quot;show_slide_delay&quot;:0}\"  itemprop=\"image\" itemscope=\"itemscope\" itemtype=\"https:\/\/schema.org\/ImageObject\" ><ul class='avia-slideshow-inner ' style='padding-bottom: 28.666666666667%;'><li  class='avia-slideshow-slide av-jrg3gmu2-68ff88023be58d3a40e305fff080518b__0  av-single-slide slide-1 slide-odd'><div data-rel='slideshow-1' class='avia-slide-wrap '   ><div class='av-slideshow-caption av-jrg3gmu2-68ff88023be58d3a40e305fff080518b__0 caption_fullwidth caption_center caption_center_framed caption_framed'><div class=\"container caption_container\"><div class=\"slideshow_caption\"><div class=\"slideshow_inner_caption\"><div class=\"slideshow_align_caption\"><h2 class='avia-caption-title '  itemprop=\"name\" >HALLINNOLLISET PALVELUT<\/h2><div class='avia-caption-content '  itemprop=\"description\" ><p>LEIPOMOILLE JA KAHVILOILLE<\/p>\n<\/div><\/div><\/div><\/div><\/div><\/div><img class=\"wp-image-25 avia-img-lazy-loading-not-25\"  src=\"https:\/\/eccere.frans.fi\/wp-content\/uploads\/2019\/01\/hem-aloitus-1500x430.jpg\" width=\"1500\" height=\"430\" title='hem-aloitus' alt='startsida'  itemprop=\"thumbnailUrl\"  style='min-height:430px; min-width:1500px; ' \/><div class='av-section-color-overlay' style='opacity: 0.2; background-color: #000000; '><\/div><\/div><\/li><\/ul><\/div><\/div>\n\n<style type=\"text\/css\" data-created_by=\"avia_inline_auto\" id=\"style-css-av-jrgaf70i-ec20ca6e1a9aafb78daa8e15477ca9ad\">\n.avia-section.av-jrgaf70i-ec20ca6e1a9aafb78daa8e15477ca9ad .av-parallax .av-parallax-inner{\nbackground-repeat:no-repeat;\nbackground-image:url(https:\/\/eccere.frans.fi\/wp-content\/uploads\/2019\/01\/bokforing.jpg);\nbackground-position:50% 0%;\nbackground-attachment:scroll;\n}\n.avia-section.av-jrgaf70i-ec20ca6e1a9aafb78daa8e15477ca9ad .av-section-color-overlay{\nopacity:0.9;\nbackground-color:#ffffff;\n}\n<\/style>\n<div id='av_section_1'  class='avia-section av-jrgaf70i-ec20ca6e1a9aafb78daa8e15477ca9ad main_color avia-section-default avia-no-border-styling  avia-builder-el-1  el_after_av_slideshow_full  avia-builder-el-last  av-parallax-section avia-bg-style-parallax av-section-color-overlay-active container_wrap sidebar_right'  data-section-bg-repeat='no-repeat'><div class='av-parallax' data-avia-parallax-ratio='0.3' ><div class='av-parallax-inner main_color avia-full-stretch'><\/div><\/div><div class=\"av-section-color-overlay-wrap\"><div class=\"av-section-color-overlay\"><\/div><div class='container av-section-cont-open' ><div class='template-page content  av-content-small alpha units'><div class='post-entry post-entry-type-page post-entry-212'><div class='entry-content-wrapper clearfix'>\n<section  class='av_textblock_section av-jrhp8uf2-f93dff054a94766fc38ee3473c3459dc'  itemscope=\"itemscope\" itemtype=\"https:\/\/schema.org\/CreativeWork\" ><div class='avia_textblock'  itemprop=\"text\" ><h1>LAAJA TARJONTA LEIPOMO- JA KAHVILA-ALAN RATKAISUJA JA KONSULTTIPALVELUJA.<\/h1>\n<\/div><\/section>\n\n<style type=\"text\/css\" data-created_by=\"avia_inline_auto\" id=\"style-css-av-5vafb-e4740e428ee4c48f1313ea572f5aaefa\">\n.flex_column.av-5vafb-e4740e428ee4c48f1313ea572f5aaefa{\n-webkit-border-radius:0px 0px 0px 0px;\n-moz-border-radius:0px 0px 0px 0px;\nborder-radius:0px 0px 0px 0px;\npadding:0px 0px 0px 0px;\n}\n<\/style>\n<div class='flex_column av-5vafb-e4740e428ee4c48f1313ea572f5aaefa av_one_third  avia-builder-el-3  el_after_av_textblock  el_before_av_one_third  first flex_column_div av-zero-column-padding column-top-margin'     ><p>\n<style type=\"text\/css\" data-created_by=\"avia_inline_auto\" id=\"style-css-av-4xftv-9c004690ac2db659e5a5a5d8ee086913\">\n.avia-image-container.av-4xftv-9c004690ac2db659e5a5a5d8ee086913 img.avia_image{\nbox-shadow:none;\n}\n.avia-image-container.av-4xftv-9c004690ac2db659e5a5a5d8ee086913 .av-image-caption-overlay-center{\ncolor:#ffffff;\n}\n<\/style>\n<div  class='avia-image-container av-4xftv-9c004690ac2db659e5a5a5d8ee086913 av-styling- avia-align-center  avia-builder-el-4  el_before_av_textblock  avia-builder-el-first '   itemprop=\"image\" itemscope=\"itemscope\" itemtype=\"https:\/\/schema.org\/ImageObject\" ><div class=\"avia-image-container-inner\"><div class=\"avia-image-overlay-wrap\"><img class='wp-image-78 avia-img-lazy-loading-not-78 avia_image ' src=\"https:\/\/eccere.frans.fi\/wp-content\/uploads\/2019\/01\/personalanskaffning.jpg\" alt='ecce-re personalanskaffning' title='personalanskaffning'  height=\"283\" width=\"480\"  itemprop=\"thumbnailUrl\" srcset=\"https:\/\/eccere.frans.fi\/wp-content\/uploads\/2019\/01\/personalanskaffning.jpg 480w, https:\/\/eccere.frans.fi\/wp-content\/uploads\/2019\/01\/personalanskaffning-300x177.jpg 300w, https:\/\/eccere.frans.fi\/wp-content\/uploads\/2019\/01\/personalanskaffning-450x265.jpg 450w\" sizes=\"(max-width: 480px) 100vw, 480px\" \/><\/div><\/div><\/div><br \/>\n<section  class='av_textblock_section av-4imf3-2f0c9f3ac13951e19179c2a578d4c2a1'  itemscope=\"itemscope\" itemtype=\"https:\/\/schema.org\/CreativeWork\" ><div class='avia_textblock'  itemprop=\"text\" ><h2 class=\"card-title pb-3 mbr-fonts-style display-7\" style=\"text-align: left;\">HENKIL\u00d6KUNTA-HANKINTAA<\/h2>\n<p class=\"mbr-text mbr-fonts-style display-7\" style=\"text-align: left;\">Onnistunut henkil\u00f6hankinta vaatii suurta tietoa ja ymm\u00e4rryst\u00e4 sek\u00e4 kyseisest\u00e4 teht\u00e4v\u00e4st\u00e4 ett\u00e4 leipomoalasta yleisell\u00e4 tasolla.<\/p>\n<p style=\"text-align: left;\">Etsimme jatkuvasti reippaita ja p\u00e4tevi\u00e4 ty\u00f6ntekij\u00f6it\u00e4 kahvila- ja leipomoteht\u00e4viin. Toivomme ty\u00f6ntekij\u00f6ilt\u00e4mme leipomo- ja kahvila-alan osaamista ja kokemusta.<\/p>\n<p style=\"text-align: left;\">Haluatko sin\u00e4 kehitt\u00e4\u00e4 ja laajentaa taitojasi leipomo- tai kahvila alan parissa?<\/p>\n<\/div><\/section><\/p><\/div>\n<style type=\"text\/css\" data-created_by=\"avia_inline_auto\" id=\"style-css-av-3s8nf-32d9c6d1f54756de4cbfb22a291c235c\">\n.flex_column.av-3s8nf-32d9c6d1f54756de4cbfb22a291c235c{\n-webkit-border-radius:0px 0px 0px 0px;\n-moz-border-radius:0px 0px 0px 0px;\nborder-radius:0px 0px 0px 0px;\npadding:0px 0px 0px 0px;\n}\n<\/style>\n<div class='flex_column av-3s8nf-32d9c6d1f54756de4cbfb22a291c235c av_one_third  avia-builder-el-6  el_after_av_one_third  el_before_av_one_third  flex_column_div av-zero-column-padding column-top-margin'     ><p>\n<style type=\"text\/css\" data-created_by=\"avia_inline_auto\" id=\"style-css-av-3ich7-33ebf53412aa42b98cb0727fc667ebc8\">\n.avia-image-container.av-3ich7-33ebf53412aa42b98cb0727fc667ebc8 img.avia_image{\nbox-shadow:none;\n}\n.avia-image-container.av-3ich7-33ebf53412aa42b98cb0727fc667ebc8 .av-image-caption-overlay-center{\ncolor:#ffffff;\n}\n<\/style>\n<div  class='avia-image-container av-3ich7-33ebf53412aa42b98cb0727fc667ebc8 av-styling- avia-align-center  avia-builder-el-7  el_before_av_textblock  avia-builder-el-first '   itemprop=\"image\" itemscope=\"itemscope\" itemtype=\"https:\/\/schema.org\/ImageObject\" ><div class=\"avia-image-container-inner\"><div class=\"avia-image-overlay-wrap\"><img class='wp-image-74 avia-img-lazy-loading-not-74 avia_image ' src=\"https:\/\/eccere.frans.fi\/wp-content\/uploads\/2019\/01\/bokforingstjanster.jpg\" alt='ecce-re bokf\u00f6ringstj\u00e4nster' title='bokforingstjanster'  height=\"283\" width=\"480\"  itemprop=\"thumbnailUrl\" srcset=\"https:\/\/eccere.frans.fi\/wp-content\/uploads\/2019\/01\/bokforingstjanster.jpg 480w, https:\/\/eccere.frans.fi\/wp-content\/uploads\/2019\/01\/bokforingstjanster-300x177.jpg 300w, https:\/\/eccere.frans.fi\/wp-content\/uploads\/2019\/01\/bokforingstjanster-450x265.jpg 450w\" sizes=\"(max-width: 480px) 100vw, 480px\" \/><\/div><\/div><\/div><br \/>\n<section  class='av_textblock_section av-2qgun-9be29e33e9622929703c398eede5195e'  itemscope=\"itemscope\" itemtype=\"https:\/\/schema.org\/CreativeWork\" ><div class='avia_textblock'  itemprop=\"text\" ><h2 class=\"card-title pb-3 mbr-fonts-style display-7\" style=\"text-align: left;\">KIRJANPITOPALVELUT<\/h2>\n<p class=\"mbr-text mbr-fonts-style display-7\" style=\"text-align: left;\">Oy Ecce-Re Ab tarjoaa laajan palvelupohjan leipomoille ja kahviloille. Laskenta-, hallintopalvelut, neuvonta ja palkanlaskenta kuuluvat osaamisalueeseemme.<\/p>\n<p style=\"text-align: left;\">Kaikki juoksevasta kirjanpidosta tilinp\u00e4\u00e4t\u00f6ksiin.<\/p>\n<p style=\"text-align: left;\">Palveluihimme kuuluu my\u00f6s laskutus ja talousarviointi.<\/p>\n<\/div><\/section><\/p><\/div>\n<style type=\"text\/css\" data-created_by=\"avia_inline_auto\" id=\"style-css-av-27hab-051a76e476bf16fd3e9187552af78343\">\n.flex_column.av-27hab-051a76e476bf16fd3e9187552af78343{\n-webkit-border-radius:0px 0px 0px 0px;\n-moz-border-radius:0px 0px 0px 0px;\nborder-radius:0px 0px 0px 0px;\npadding:0px 0px 0px 0px;\n}\n<\/style>\n<div class='flex_column av-27hab-051a76e476bf16fd3e9187552af78343 av_one_third  avia-builder-el-9  el_after_av_one_third  avia-builder-el-last  flex_column_div av-zero-column-padding column-top-margin'     ><p>\n<style type=\"text\/css\" data-created_by=\"avia_inline_auto\" id=\"style-css-av-1ru0j-5832226003f6db9634f38a3eef16a543\">\n.avia-image-container.av-1ru0j-5832226003f6db9634f38a3eef16a543 img.avia_image{\nbox-shadow:none;\n}\n.avia-image-container.av-1ru0j-5832226003f6db9634f38a3eef16a543 .av-image-caption-overlay-center{\ncolor:#ffffff;\n}\n<\/style>\n<div  class='avia-image-container av-1ru0j-5832226003f6db9634f38a3eef16a543 av-styling- avia-align-center  avia-builder-el-10  el_before_av_textblock  avia-builder-el-first '   itemprop=\"image\" itemscope=\"itemscope\" itemtype=\"https:\/\/schema.org\/ImageObject\" ><div class=\"avia-image-container-inner\"><div class=\"avia-image-overlay-wrap\"><img class='wp-image-76 avia-img-lazy-loading-not-76 avia_image ' src=\"https:\/\/eccere.frans.fi\/wp-content\/uploads\/2019\/01\/konsultering.jpg\" alt='ecce-re konsult tj\u00e4nster' title='konsultering'  height=\"283\" width=\"480\"  itemprop=\"thumbnailUrl\" srcset=\"https:\/\/eccere.frans.fi\/wp-content\/uploads\/2019\/01\/konsultering.jpg 480w, https:\/\/eccere.frans.fi\/wp-content\/uploads\/2019\/01\/konsultering-300x177.jpg 300w, https:\/\/eccere.frans.fi\/wp-content\/uploads\/2019\/01\/konsultering-450x265.jpg 450w\" sizes=\"(max-width: 480px) 100vw, 480px\" \/><\/div><\/div><\/div><br \/>\n<section  class='av_textblock_section av-12rjn-b26af2ff3761dcb2690b2c64f179b22a'  itemscope=\"itemscope\" itemtype=\"https:\/\/schema.org\/CreativeWork\" ><div class='avia_textblock'  itemprop=\"text\" ><h2 class=\"card-title pb-3 mbr-fonts-style display-7\" style=\"text-align: left;\">KONSULTTIPALVELUT<\/h2>\n<p>V\u00e4henn\u00e4 riskej\u00e4, s\u00e4\u00e4st\u00e4 aikaa ja varmista hyv\u00e4 lopputulos.<\/p>\n<p>Ecce-Re, leipomo- ja kahvila-alan konsulttipalvelut.<\/p>\n<p>Tule keskustelemaan ideoistasi paremman lopputuloksen saavuttamiseksi.<\/p>\n<\/div><\/section><\/p><\/div>\n<\/div><\/div><\/div><!-- close content main div --><\/div><\/div><\/div><div id='after_section_1'  class='main_color av_default_container_wrap container_wrap sidebar_right'  ><div class='container av-section-cont-open' ><div class='template-page content  av-content-small alpha units'><div class='post-entry post-entry-type-page post-entry-212'><div class='entry-content-wrapper clearfix'>\n","protected":false},"excerpt":{"rendered":"","protected":false},"author":1,"featured_media":0,"parent":0,"menu_order":0,"comment_status":"closed","ping_status":"closed","template":"","meta":[],"_links":{"self":[{"href":"https:\/\/eccere.frans.fi\/fi\/wp-json\/wp\/v2\/pages\/212"}],"collection":[{"href":"https:\/\/eccere.frans.fi\/fi\/wp-json\/wp\/v2\/pages"}],"about":[{"href":"https:\/\/eccere.frans.fi\/fi\/wp-json\/wp\/v2\/types\/page"}],"author":[{"embeddable":true,"href":"https:\/\/eccere.frans.fi\/fi\/wp-json\/wp\/v2\/users\/1"}],"replies":[{"embeddable":true,"href":"https:\/\/eccere.frans.fi\/fi\/wp-json\/wp\/v2\/comments?post=212"}],"version-history":[{"count":8,"href":"https:\/\/eccere.frans.fi\/fi\/wp-json\/wp\/v2\/pages\/212\/revisions"}],"predecessor-version":[{"id":1072,"href":"https:\/\/eccere.frans.fi\/fi\/wp-json\/wp\/v2\/pages\/212\/revisions\/1072"}],"wp:attachment":[{"href":"https:\/\/eccere.frans.fi\/fi\/wp-json\/wp\/v2\/media?parent=212"}],"curies":[{"name":"wp","href":"https:\/\/api.w.org\/{rel}","templated":true}]}}